{"id":97,"date":"2021-04-12T17:02:34","date_gmt":"2021-04-12T20:02:34","guid":{"rendered":"https:\/\/fkpartners.com\/sitehomolog\/semanadoconsumidor\/\/?page_id=97"},"modified":"2023-03-21T08:31:21","modified_gmt":"2023-03-21T11:31:21","slug":"para-empresas","status":"publish","type":"page","link":"https:\/\/fkpartners.com\/materiais\/para-empresas\/","title":{"rendered":"Para Empresas"},"content":{"rendered":"\n<p>Desenvolver e capacitar a sua equipe tem se tornado cada vez mais importante para que sua empresa se destaque em um mercado t\u00e3o competitivo. Por isso a FK Partners tem uma <strong>\u00e1rea dedicada<\/strong> a fornecer treinamentos em finan\u00e7as para empresas, seja com cursos personalizados, cursos de aprimoramento, at\u00e9 preparat\u00f3rios para certifica\u00e7\u00f5es.<\/p>\n","protected":false},"excerpt":{"rendered":"<p>Desenvolver e capacitar a sua equipe tem se tornado cada vez mais importante para que sua empresa se destaque em um mercado t\u00e3o competitivo. Por isso a FK Partners tem uma \u00e1rea dedicada a fornecer treinamentos em finan\u00e7as para empresas, seja com cursos personalizados, cursos de aprimoramento, at\u00e9 preparat\u00f3rios para certifica\u00e7\u00f5es.<\/p>\n","protected":false},"author":7843,"featured_media":0,"parent":0,"menu_order":4,"comment_status":"closed","ping_status":"closed","template":"page-para-empresas-teste.php","meta":{"_acf_changed":false,"footnotes":"","_joinchat":[]},"acf":[],"_links":{"self":[{"href":"https:\/\/fkpartners.com\/materiais\/wp-json\/wp\/v2\/pages\/97"}],"collection":[{"href":"https:\/\/fkpartners.com\/materiais\/wp-json\/wp\/v2\/pages"}],"about":[{"href":"https:\/\/fkpartners.com\/materiais\/wp-json\/wp\/v2\/types\/page"}],"author":[{"embeddable":true,"href":"https:\/\/fkpartners.com\/materiais\/wp-json\/wp\/v2\/users\/7843"}],"replies":[{"embeddable":true,"href":"https:\/\/fkpartners.com\/materiais\/wp-json\/wp\/v2\/comments?post=97"}],"version-history":[{"count":2,"href":"https:\/\/fkpartners.com\/materiais\/wp-json\/wp\/v2\/pages\/97\/revisions"}],"predecessor-version":[{"id":100,"href":"https:\/\/fkpartners.com\/materiais\/wp-json\/wp\/v2\/pages\/97\/revisions\/100"}],"wp:attachment":[{"href":"https:\/\/fkpartners.com\/materiais\/wp-json\/wp\/v2\/media?parent=97"}],"curies":[{"name":"wp","href":"https:\/\/api.w.org\/{rel}","templated":true}]}}