{"id":385,"date":"2021-07-06T18:08:24","date_gmt":"2021-07-06T21:08:24","guid":{"rendered":"https:\/\/fkpartners.com\/sitehomolog\/semanadoconsumidor\/?page_id=385"},"modified":"2023-11-29T19:38:28","modified_gmt":"2023-11-29T22:38:28","slug":"termos-e-condicoes","status":"publish","type":"page","link":"https:\/\/fkpartners.com\/materiais\/termos-e-condicoes\/","title":{"rendered":"Termos e condi\u00e7\u00f5es"},"content":{"rendered":"\n<h3 class=\"wp-block-heading\"><\/h3>\n\n\n\n<div class=\"wp-block-buttons is-horizontal is-content-justification-center is-layout-flex wp-container-core-buttons-layout-1 wp-block-buttons-is-layout-flex\">\n<div class=\"wp-block-button is-style-fill\"><a class=\"wp-block-button__link has-white-color has-text-color has-background wp-element-button\" href=\"https:\/\/fkpartners.com\/sitehomolog\/semanadoconsumidor\/politica-de-seguro-reprovacao\/\" style=\"background-color:#002258\" target=\"_blank\" rel=\"noreferrer noopener\"><strong>Pol\u00edtica de seguro reprova\u00e7\u00e3o<\/strong><\/a><\/div>\n\n\n\n<div class=\"wp-block-button\"><a class=\"wp-block-button__link has-white-color has-text-color has-background wp-element-button\" href=\"https:\/\/fkpartners.com\/sitehomolog\/semanadoconsumidor\/condicoes-para-descontos-progressivos\/\" style=\"background-color:#002258\" target=\"_blank\" rel=\"noreferrer noopener\"><strong>Condi\u00e7\u00f5es para desconto progressivo<\/strong><\/a><\/div>\n<\/div>\n\n\n\n<p><\/p>\n\n\n\n<h1 class=\"wp-block-heading\" id=\"h-politica-de-privacidade-e-protecao-de-dados\">Pol\u00edtica de privacidade e prote\u00e7\u00e3o de dados<\/h1>\n\n\n\n<p><\/p>\n\n\n\n<h3 class=\"wp-block-heading\"><strong>Dados pessoais que coletamos a seu respeito e como n\u00f3s os coletamos<\/strong><\/h3>\n\n\n\n<p>Dependendo de como voc\u00ea interage com a FK Partners (on-line, off-line, por telefone e etc.), n\u00f3s coletamos v\u00e1rios tipos de informa\u00e7\u00f5es sobre voc\u00ea, conforme descri\u00e7\u00f5es a seguir:<\/p>\n\n\n\n<p>Informa\u00e7\u00f5es pessoais de contato. Incluem qualquer informa\u00e7\u00e3o que nos \u00e9 fornecida e que possa nos permitir contat\u00e1-lo, como seu nome, endere\u00e7o postal, e-mail, detalhes de redes sociais ou n\u00famero de telefone.<\/p>\n\n\n\n<p>Informa\u00e7\u00f5es de login de conta. Qualquer informa\u00e7\u00e3o que seja necess\u00e1ria para lhe dar acesso ao seu perfil de conta espec\u00edfico. Exemplos incluem seu endere\u00e7o de e-mail, nome de usu\u00e1rio, senha em formato irrecuper\u00e1vel e\/ou pergunta e resposta de seguran\u00e7a.<\/p>\n\n\n\n<p>Informa\u00e7\u00f5es demogr\u00e1ficas e financeiras. Qualquer informa\u00e7\u00e3o que descreva seus dados demogr\u00e1ficos ou suas caracter\u00edsticas comportamentais com rela\u00e7\u00e3o ao dinheiro. Exemplos incluem sua data de nascimento, idade ou faixa et\u00e1ria, sexo, localiza\u00e7\u00e3o geogr\u00e1fica (por exemplo CEP), quanto ganha, quanto j\u00e1 tem guardado, quanto tem de d\u00edvidas e informa\u00e7\u00f5es familiares ou sobre seu estilo de consumo.<\/p>\n\n\n\n<p>Informa\u00e7\u00f5es t\u00e9cnicas sobre o computador\/dispositivo m\u00f3vel. Qualquer informa\u00e7\u00e3o sobre o sistema de computador ou outro dispositivo que voc\u00ea utiliza para acessar um de nossos sites ou aplicativos, como o endere\u00e7o IP utilizado para conectar seu computador ou dispositivo \u00e0 internet, o tipo de sistema operacional e o tipo e a vers\u00e3o do navegador da web. Se voc\u00ea acessar um site ou aplicativo da FK usando um dispositivo m\u00f3vel, como um smartphone, as informa\u00e7\u00f5es coletadas tamb\u00e9m incluir\u00e3o, sempre que permitido, o ID de dispositivo exclusivo de seu telefone, o ID de publicidade, a localiza\u00e7\u00e3o geogr\u00e1fica e outros dados similares do dispositivo m\u00f3vel.<\/p>\n\n\n\n<p>Informa\u00e7\u00f5es de utiliza\u00e7\u00e3o de sites\/comunica\u00e7\u00e3o. Conforme voc\u00ea navega e interage com nossos sites, n\u00f3s utilizamos tecnologias de coleta autom\u00e1tica de dados para coletar determinadas informa\u00e7\u00f5es sobre as suas a\u00e7\u00f5es. Isso inclui informa\u00e7\u00f5es como em quais links voc\u00ea clica, quais p\u00e1ginas ou conte\u00fados voc\u00ea visualiza e por quanto tempo e outras informa\u00e7\u00f5es e estat\u00edsticas semelhantes sobre suas intera\u00e7\u00f5es, como tempos de resposta a conte\u00fado, erros de download e dura\u00e7\u00e3o das visitas a determinadas p\u00e1ginas. Essas informa\u00e7\u00f5es s\u00e3o capturadas por meio de tecnologias automatizadas, como Cookies (cookies de navegador, cookies Flash) e web beacons, e tamb\u00e9m via rastreamento de terceiros. Voc\u00ea tem o direito de se opor \u00e0 utiliza\u00e7\u00e3o de tais tecnologias. Para saber mais detalhes, consulte a Se\u00e7\u00e3o 4.<\/p>\n\n\n\n<p>Informa\u00e7\u00f5es audiovisuais. Conforme voc\u00ea interage conosco atrav\u00e9s de liga\u00e7\u00f5es telef\u00f4nicas, aulas ou eventos, captamos sua imagem e voz. N\u00f3s podemos usar essas capta\u00e7\u00f5es para divulgar o curso e, para essa finalidade, temos seu consentimento.<\/p>\n\n\n\n<h3 class=\"wp-block-heading\"><strong>DADOS PESSOAIS DE CRIAN\u00c7AS<\/strong><\/h3>\n\n\n\n<p>N\u00f3s n\u00e3o solicitamos ou coletamos, conscientemente, dados pessoais de crian\u00e7as menores de 13 (treze) anos de idade. Se descobrirmos que coletamos dados pessoais de crian\u00e7as abaixo de 13 (treze) anos de forma n\u00e3o-intencional, removeremos os dados pessoais daquela crian\u00e7a de nossos registros. Entretanto, a FK pode coletar dados pessoais de crian\u00e7as com menos de 13 (treze) anos de idade dos pais ou tutores diretamente, e com consentimento expl\u00edcito daquela pessoa.<\/p>\n\n\n\n<h3 class=\"wp-block-heading\"><strong>USOS DE SEUS DADOS PESSOAIS<\/strong><\/h3>\n\n\n\n<p>Os par\u00e1grafos a seguir descrevem as diversas finalidades para as quais n\u00f3s coletamos seus Dados Pessoais, e os diferentes tipos de Dados Pessoais que coletamos para cada finalidade. Note, por favor, que nem todos os usos abaixo ser\u00e3o relevantes para todos os indiv\u00edduos.<\/p>\n\n\n\n<h3 class=\"wp-block-heading\"><strong>PARA QUE USAMOS SEUS DADOS PESSOAIS?&nbsp;&nbsp;&nbsp;&nbsp;&nbsp;&nbsp;&nbsp;&nbsp;&nbsp;<\/strong><\/h3>\n\n\n\n<p>Servi\u00e7o ao consumidor. Usamos seus Dados Pessoais para finalidade de servi\u00e7os de treinamento e orienta\u00e7\u00e3o financeira a nossos alunos, incluindo responder aos seus questionamentos. Isso, normalmente, requer o uso de certas informa\u00e7\u00f5es pessoais de contato e informa\u00e7\u00f5es sobre o motivo de seu questionamento (por exemplo situa\u00e7\u00e3o financeira, idade, questionamento em geral e etc.)&nbsp;&nbsp;&nbsp;&nbsp;&nbsp;&nbsp;<\/p>\n\n\n\n<p>Divulga\u00e7\u00e3o do m\u00e9todo dos cursos. Usamos as informa\u00e7\u00f5es que voc\u00ea nos fornece para que outras pessoas possam se inspirar e seguir seu exemplo. Para isso, podemos nos valer de dados coletados em sites, redes sociais, pelo uso da voz e da imagem, seja em liga\u00e7\u00f5es telef\u00f4nicas, eventos ou aulas presenciais.<\/p>\n\n\n\n<p>Outras finalidades em geral (ex.: pesquisa interna ou de mercado, an\u00e1lises, seguran\u00e7a). De acordo com as leis aplic\u00e1veis, n\u00f3s usamos seus Dados Pessoais para outras finalidades gerais de neg\u00f3cio, como fazer manuten\u00e7\u00e3o em sua conta, conduzir pesquisas internas ou de mercado e medir a efetividade de nossas campanhas publicit\u00e1rias. N\u00f3s nos reservamos o direito, se voc\u00ea tiver contas FK, de integrar estas contas em uma conta \u00fanica. N\u00f3s tamb\u00e9m usamos seus Dados Pessoais para gerenciamento e opera\u00e7\u00e3o de nossas comunica\u00e7\u00f5es, T.I. e sistemas de seguran\u00e7a.&nbsp;&nbsp;&nbsp;&nbsp;&nbsp;&nbsp;&nbsp;&nbsp;&nbsp;&nbsp;&nbsp;&nbsp;&nbsp;&nbsp;&nbsp;<\/p>\n\n\n\n<p>Motivos legais ou fus\u00e3o\/aquisi\u00e7\u00e3o. Caso a FK ou seus bens sejam adquiridos por, ou fundidos com, outra empresa, incluindo por motivo de fal\u00eancia, compartilharemos seus Dados Pessoais com nossos sucessores legais. Tamb\u00e9m divulgaremos seus Dados Pessoais a terceiros (i) quando requerido pela lei aplic\u00e1vel; (ii) em resposta a procedimentos legais; (iii) em resposta a um pedido da autoridade legal competente; (iv) para proteger nossos direitos, privacidade, seguran\u00e7a ou propriedade; ou (v) para fazer cumprir os termos de qualquer acordo ou os termos do nosso Site.<\/p>\n\n\n\n<h3 class=\"wp-block-heading\"><strong>DIVULGA\u00c7\u00c3O DOS SEUS DADOS PESSOAIS<\/strong><\/h3>\n\n\n\n<p>Al\u00e9m das entidades FK mencionadas na se\u00e7\u00e3o de controladores de dados e contatos, n\u00f3s compartilhamos seus Dados Pessoais com os seguintes tipos de organiza\u00e7\u00f5es de terceiros:<\/p>\n\n\n\n<p>Provedores de servi\u00e7os. Estas s\u00e3o companhias externas que n\u00f3s usamos para nos auxiliar a operar nosso curso (ex.: provedores de site, processamento de pagamentos, detec\u00e7\u00e3o de fraudes e verifica\u00e7\u00e3o de identidade, desenvolvimento de sites, an\u00e1lise de dados, empresas com especialistas em investimentos, seguros, doa\u00e7\u00f5es, etc.). Provedores de servi\u00e7os e seus colaboradores selecionados, s\u00f3 est\u00e3o autorizados a acessar seus Dados Pessoais em nosso nome, para as tarefas espec\u00edficas que forem requisitadas a eles, com base em nossas instru\u00e7\u00f5es, e s\u00e3o obrigados a manter seus Dados Pessoais confidenciais e seguros.<\/p>\n\n\n\n<p>N\u00e3o divulgamos seus dados para ag\u00eancias de an\u00e1lise de cr\u00e9dito\/cobran\u00e7a de d\u00edvidas, nem para empresas terceiras que usam Dados Pessoais para suas pr\u00f3prias finalidades de marketing.<\/p>\n\n\n\n<h3 class=\"wp-block-heading\"><strong>RETEN\u00c7\u00c3O DOS SEUS DADOS PESSOAIS<\/strong><\/h3>\n\n\n\n<p>De acordo com as leis aplic\u00e1veis, n\u00f3s usaremos seus Dados Pessoais por quanto tempo for necess\u00e1rio para satisfazer as finalidades para as quais seus Dados Pessoais foram coletados (primordialmente os servi\u00e7os de Educa\u00e7\u00e3o Financeira) ou para cumprir com os requerimentos legais aplic\u00e1veis.<\/p>\n\n\n\n<h3 class=\"wp-block-heading\"><strong>DIVULGA\u00c7\u00c3O, ARMAZENAMENTO E\/OU TRANSFER\u00caNCIA DE SEUS DADOS PESSOAIS<\/strong><\/h3>\n\n\n\n<p>N\u00f3s usamos as medidas adequadas (descritas abaixo) para manter seus Dados Pessoais confidenciais e seguros. Note, entretanto, que estas prote\u00e7\u00f5es n\u00e3o se aplicam a informa\u00e7\u00f5es que voc\u00ea tenha escolhido compartilhar em \u00e1reas p\u00fablicas, como redes sociais de terceiros.<\/p>\n\n\n\n<p>Pessoas que podem acessar seus Dados Pessoais. Seus Dados Pessoais ser\u00e3o processados por nossos colaboradores ou agentes autorizados, desde que estes precisem ter acesso a tais informa\u00e7\u00f5es, dependendo dos prop\u00f3sitos espec\u00edficos para os quais seus Dados Pessoais tenham sido coletados (ex.: nossos colaboradores encarregados de assuntos relacionados ao atendimento ao consumidor ter\u00e3o acesso aos seus registros de consumo).<\/p>\n\n\n\n<p>Armazenamos seus Dados Pessoais em ambientes operacionais que usam medidas de seguran\u00e7a razo\u00e1veis para prevenir acesso n\u00e3o autorizado. Seguimos protocolos razo\u00e1veis para proteger Dados Pessoais. A transmiss\u00e3o de informa\u00e7\u00e3o pela internet, infelizmente, n\u00e3o \u00e9 completamente segura e, apesar de fazermos nosso melhor para proteger seus Dados Pessoais, n\u00e3o podemos garantir a seguran\u00e7a dos dados durante transmiss\u00e3o por nossos sites\/aplicativos.<\/p>\n\n\n\n<p>Transfer\u00eancia de seus Dados Pessoais. Por causa da natureza internacional do nosso neg\u00f3cio, \u00e9 poss\u00edvel que tenhamos que transferir seus Dados Pessoais dentro do Grupo FK e para terceiros, conforme mencionado na Se\u00e7\u00e3o 6 acima, em conex\u00e3o com as finalidades estabelecidas nesta Pol\u00edtica de Privacidade. Por este motivo, poderemos transferir seus Dados Pessoais para outros pa\u00edses, que possam ter leis e requisitos de prote\u00e7\u00e3o de dados diferentes daqueles que se aplicam ao Brasil.<\/p>\n\n\n\n<p>Em caso de qualquer d\u00favida ou solicita\u00e7\u00e3o referente a privacidade e dados pessoais, utilize o nosso canal de atendimento <a href=\"mailto:lgpd@fkpartners.com\">lgpd@fkpartners.com<\/a> .<\/p>\n\n\n\n<p><\/p>\n\n\n\n<h2 class=\"wp-block-heading\"><strong>POL\u00cdTICA DE TRANSFER\u00caNCIA E DESIST\u00caNCIA\/CANCELAMENTO<\/strong><\/h2>\n\n\n\n<p>A FK Partners (A.F. Comercio de Livros e Cursos Especializados Ltda.) possui a seguinte pol\u00edtica de transfer\u00eancias, cancelamentos e reembolsos, nos moldes das determina\u00e7\u00f5es do C\u00f3digo de Defesa do Consumidor:<\/p>\n\n\n\n<h3 class=\"wp-block-heading\">1. <strong>Transfer\u00eancia ou Posterga\u00e7\u00e3o de Curso<\/strong><\/h3>\n\n\n\n<p>1.1. O curso \u00e9 pessoal e intransfer\u00edvel, destinado exclusivamente ao aluno indicado no momento da inscri\u00e7\u00e3o.<\/p>\n\n\n\n<p>1.2. A Coordena\u00e7\u00e3o da FK Partners poder\u00e1, a seu exclusivo crit\u00e9rio, aceitar a troca de alunos (apenas vagas patrocinadas por Pessoa Jur\u00eddica), desde que o curso esteja integralmente pago e o requerimento seja formulado antes do in\u00edcio do curso pela empresa respons\u00e1vel pelo pagamento.<\/p>\n\n\n\n<p>1.3. Caso haja interesse do aluno na posterga\u00e7\u00e3o do curso com o trancamento do curso em exerc\u00edcio, a FK Partners aceitar\u00e1 a posterga\u00e7\u00e3o, uma \u00fanica vez, desde que o curso esteja integralmente pago e o requerimento seja formulado por escrito e enviado \u00e0 Coordena\u00e7\u00e3o da FK Partners antes transcorrida a metade do per\u00edodo do curso e mediante pagamento da taxa de transfer\u00eancia no montante de 2% do valor do curso adquirido, devendo, ainda, o aluno cursar o novo curso no semestre seguinte.<\/p>\n\n\n\n<p>1.4. Caso haja interesse do aluno na transfer\u00eancia para outro curso com a interrup\u00e7\u00e3o do curso em exerc\u00edcio, a FK Partners aceitar\u00e1 a transfer\u00eancia, uma \u00fanica vez, desde que o curso em exerc\u00edcio esteja integralmente pago e o requerimento seja formulado por escrito e enviado \u00e0 Coordena\u00e7\u00e3o da FK Partners antes transcorrido 1\/3 (um ter\u00e7o) do per\u00edodo do curso e mediante pagamento da taxa de transfer\u00eancia no montante de 2% do valor do curso adquirido, devendo, ainda, o aluno cursar o novo curso no semestre seguinte.<\/p>\n\n\n\n<p>1.4.1. Na hip\u00f3tese do curso ao qual se pretende a transfer\u00eancia ser de valor superior, o aluno dever\u00e1 realizar o pagamento integral da diferen\u00e7a em parcela \u00fanica. No caso de o novo curso ser de valor inferior, n\u00e3o haver\u00e1 reembolso de quaisquer quantias.<\/p>\n\n\n\n<h3 class=\"wp-block-heading\">2. <strong>Desist\u00eancia\/Cancelamento<\/strong><\/h3>\n\n\n\n<p class=\"has-text-align-left\">2.1.&nbsp;<strong>Para<\/strong>&nbsp;<strong>cursos on-line<\/strong>. O aluno que desistir do curso no per\u00edodo compreendido entre sua inscri\u00e7\u00e3o e 7 (sete) dias ap\u00f3s a data de entrega de login e senha para acesso \u00e0 plataforma da FK Partners, ter\u00e1 o direito de comunicar a desist\u00eancia e cancelamento do curso e solicitar, por meio de mensagem eletr\u00f4nica para&nbsp;<a href=\"mailto:contatos@fkpartners.com\">contatos@fkpartners.com<\/a>&nbsp;ou presencialmente na secretaria da FK Partners mediante solicita\u00e7\u00e3o de pr\u00f3prio punho, a devolu\u00e7\u00e3o integral do valor pago. As desist\u00eancias efetuadas ap\u00f3s o referido prazo, considerando que a FK Partners disponibilizou a integralidade do acesso e material did\u00e1tico ao aluno, a rescis\u00e3o implicar\u00e1 em multa a favor da FK Partners no montante correspondente a 10% (dez por cento) do valor integral e regular do curso, desconsiderando-se eventual gratuidade ou desconto recebido pelo contratante. Nessa \u00faltima hip\u00f3tese, al\u00e9m da multa prevista, ser\u00e3o retidos e\/ou cobrados valores proporcionalmente ao per\u00edodo transcorrido do curso, independentemente da quantidade de acessos do aluno aos sistemas.<\/p>\n\n\n\n<p>2.2.&nbsp;<strong>Para cursos presenciais<\/strong>. O aluno que desistir do curso no per\u00edodo compreendido entre sua inscri\u00e7\u00e3o e 7 (sete) dias ap\u00f3s o primeiro dia de aula do curso contratado, ter\u00e1 o direito de comunicar a desist\u00eancia e cancelamento do curso e solicitar, por meio de mensagem eletr\u00f4nica para&nbsp;<a href=\"mailto:contatos@fkpartners.com\">contatos@fkpartners.com<\/a>&nbsp;ou presencialmente na secretaria da FK Partners mediante solicita\u00e7\u00e3o de pr\u00f3prio punho, a devolu\u00e7\u00e3o integral do valor pago. As desist\u00eancias efetuadas ap\u00f3s o referido prazo, considerando que a FK Partners disponibilizou vaga e integralidade de material did\u00e1tico ao aluno, a rescis\u00e3o implicar\u00e1 em multa a favor da FK Partners no montante correspondente a 10% (dez por cento) do valor integral e regular do curso, desconsiderando-se eventual gratuidade ou desconto recebido pelo contratante. Nessa \u00faltima hip\u00f3tese, al\u00e9m da multa prevista, ser\u00e3o retidos e\/ou cobrados valores proporcionalmente ao per\u00edodo transcorrido do curso, independentemente da frequ\u00eancia do aluno.<\/p>\n\n\n\n<p>2.3.&nbsp;<strong>Para cursos mistos (presenciais e on-line)<\/strong>. O aluno que desistir do curso no per\u00edodo compreendido entre sua inscri\u00e7\u00e3o e 7 (sete) dias ap\u00f3s o primeiro dia de aula do curso contratado ou ap\u00f3s a data de entrega de login e senha para acesso \u00e0 plataforma da FK Partners, o que ocorrer primeiro, ter\u00e1 o direito de comunicar a desist\u00eancia e cancelamento do curso e solicitar, por meio de mensagem eletr\u00f4nica para&nbsp;<a href=\"mailto:contatos@fkpartners.com\">contatos@fkpartners.com<\/a>&nbsp;ou presencialmente na secretaria da FK Partners mediante solicita\u00e7\u00e3o de pr\u00f3prio punho, a devolu\u00e7\u00e3o integral do valor pago. As desist\u00eancias efetuadas ap\u00f3s o referido prazo, considerando que a FK Partners disponibilizou vaga e integralidade de material did\u00e1tico ao aluno, a rescis\u00e3o implicar\u00e1 em multa a favor da FK Partners no montante correspondente a 10% (dez por cento) do valor integral e regular do curso, desconsiderando-se eventual gratuidade ou desconto recebido pelo contratante. Nessa \u00faltima hip\u00f3tese, al\u00e9m da multa prevista, ser\u00e3o retidos e\/ou cobrados valores proporcionalmente ao per\u00edodo transcorrido, independentemente dos n\u00fameros de acessos ao sistema e\/ou frequ\u00eancia do aluno.<\/p>\n\n\n\n<p>2.3.1 Caso o aluno n\u00e3o manifeste, formalmente, sua desist\u00eancia, sua situa\u00e7\u00e3o ser\u00e1 caracterizada como abandono de curso, n\u00e3o permitindo nenhuma devolu\u00e7\u00e3o de qualquer valor j\u00e1 pago nem o cancelamento de cobran\u00e7as posteriores.<\/p>\n\n\n\n<p>2.4. No ato de comunica\u00e7\u00e3o da desist\u00eancia e solicita\u00e7\u00e3o de reembolso, nos casos apontados nas cl\u00e1usulas 2.1., 2.2. e 2.3., o aluno dever\u00e1 informar os dados banc\u00e1rios para devolu\u00e7\u00e3o do valor correspondente.<\/p>\n\n\n\n<p>2.5. Nos casos em que houver pagamento mediante cart\u00e3o de cr\u00e9dito, al\u00e9m das multas previstas nas cl\u00e1usulas 2.1., 2.2. e 2.3., ser\u00e3o descontados os custos administrativos referentes ao cancelamento da cobran\u00e7a e estorno do cart\u00e3o de cr\u00e9dito.<\/p>\n\n\n\n<p>2.5.1. A devolu\u00e7\u00e3o\/estorno dos valores, neste caso, seguir\u00e1 as pol\u00edticas da bandeira e banco do cart\u00e3o de cr\u00e9dito utilizado pelo aluno.<\/p>\n\n\n\n<h3 class=\"wp-block-heading\">3.&nbsp;<strong>Adiamento ou Cancelamento de Cursos<\/strong><\/h3>\n\n\n\n<p>3.1. A FK Partners se reserva o direito de adiar, suspender ou cancelar qualquer curso, situa\u00e7\u00e3o na qual os alunos ser\u00e3o devidamente avisados com anteced\u00eancia m\u00ednima de 48 (quarenta e oito) horas, mediante o reembolso integral das quantias pagas pelo aluno, corrigidas monetariamente pelo \u00edndice IGPM\/FGV.<\/p>\n\n\n\n<p>3.2. Em casos de cancelamento e\/ou atraso ocasionados por caso fortuito ou for\u00e7a maior, estar\u00e1 exclu\u00edda a responsabilidade da FK Partners, n\u00e3o cabendo requerimentos a t\u00edtulo de reembolso, mantendo-se, entretanto, as mesmas condi\u00e7\u00f5es contratuais para que o aluno frequente o curso adquirido em outra data.<\/p>\n\n\n\n<p><\/p>\n","protected":false},"excerpt":{"rendered":"<p>Pol\u00edtica de privacidade e prote\u00e7\u00e3o de dados Dados pessoais que coletamos a seu respeito e como n\u00f3s os coletamos Dependendo de como voc\u00ea interage com a FK Partners (on-line, off-line, por telefone e etc.), n\u00f3s coletamos v\u00e1rios tipos de informa\u00e7\u00f5es sobre voc\u00ea, conforme descri\u00e7\u00f5es a seguir: Informa\u00e7\u00f5es pessoais de contato. Incluem qualquer informa\u00e7\u00e3o que nos [&hellip;]<\/p>\n","protected":false},"author":2664,"featured_media":0,"parent":0,"menu_order":14,"comment_status":"closed","ping_status":"closed","template":"page-termos-e-condicoes.php","meta":{"_acf_changed":false,"footnotes":"","_joinchat":[]},"acf":[],"_links":{"self":[{"href":"https:\/\/fkpartners.com\/materiais\/wp-json\/wp\/v2\/pages\/385"}],"collection":[{"href":"https:\/\/fkpartners.com\/materiais\/wp-json\/wp\/v2\/pages"}],"about":[{"href":"https:\/\/fkpartners.com\/materiais\/wp-json\/wp\/v2\/types\/page"}],"author":[{"embeddable":true,"href":"https:\/\/fkpartners.com\/materiais\/wp-json\/wp\/v2\/users\/2664"}],"replies":[{"embeddable":true,"href":"https:\/\/fkpartners.com\/materiais\/wp-json\/wp\/v2\/comments?post=385"}],"version-history":[{"count":22,"href":"https:\/\/fkpartners.com\/materiais\/wp-json\/wp\/v2\/pages\/385\/revisions"}],"predecessor-version":[{"id":30708,"href":"https:\/\/fkpartners.com\/materiais\/wp-json\/wp\/v2\/pages\/385\/revisions\/30708"}],"wp:attachment":[{"href":"https:\/\/fkpartners.com\/materiais\/wp-json\/wp\/v2\/media?parent=385"}],"curies":[{"name":"wp","href":"https:\/\/api.w.org\/{rel}","templated":true}]}}