{"id":2865,"date":"2021-09-10T13:38:07","date_gmt":"2021-09-10T16:38:07","guid":{"rendered":"https:\/\/fkpartners.com\/sitehomolog\/semanadoconsumidor\/?page_id=2865"},"modified":"2022-07-01T17:32:03","modified_gmt":"2022-07-01T20:32:03","slug":"politica-de-privacidade-e-protecao-de-dados","status":"publish","type":"page","link":"https:\/\/fkpartners.com\/materiais\/politica-de-privacidade-e-protecao-de-dados\/","title":{"rendered":""},"content":{"rendered":"\n<h1 class=\"wp-block-heading\" id=\"h-politica-de-privacidade-e-protecao-de-dados\">Pol\u00edtica de privacidade e prote\u00e7\u00e3o de dados<\/h1>\n\n\n\n<hr class=\"wp-block-separator has-alpha-channel-opacity\"\/>\n\n\n\n<h3 class=\"wp-block-heading\"><strong>Dados pessoais que coletamos a seu respeito e como n\u00f3s os coletamos<\/strong><\/h3>\n\n\n\n<p>Dependendo de como voc\u00ea interage com a FK Partners (online, offline, por telefone e etc.), N\u00f3s coletamos v\u00e1rios tipos de informa\u00e7\u00f5es sobre voc\u00ea, conforme descri\u00e7\u00f5es a seguir:<\/p>\n\n\n\n<p>Informa\u00e7\u00f5es pessoais de contato. Incluem qualquer informa\u00e7\u00e3o que voc\u00ea nos fornece e que possa nos permitir contat\u00e1-lo, como seu nome, endere\u00e7o postal, e-mail, detalhes de redes sociais ou n\u00famero de telefone.<\/p>\n\n\n\n<h3 class=\"wp-block-heading\"><strong>Informa\u00e7\u00f5es de login de conta.<\/strong><\/h3>\n\n\n\n<p> Qualquer informa\u00e7\u00e3o que seja necess\u00e1ria para lhe dar acesso ao seu perfil de conta espec\u00edfico. Exemplos incluem seu endere\u00e7o de e-mail, nome de usu\u00e1rio, senha em formato irrecuper\u00e1vel e\/ou pergunta e resposta de seguran\u00e7a.<\/p>\n\n\n\n<p>Informa\u00e7\u00f5es demogr\u00e1ficas e financeiras. Qualquer informa\u00e7\u00e3o que descreva seus dados demogr\u00e1ficos ou suas caracter\u00edsticas comportamentais com rela\u00e7\u00e3o ao dinheiro. Exemplos incluem sua data de nascimento, idade ou faixa et\u00e1ria, sexo, localiza\u00e7\u00e3o geogr\u00e1fica (por exemplo CEP), quanto ganha, quanto j\u00e1 tem guardado, quanto tem de dividas e informa\u00e7\u00f5es familiares ou sobre seu estilo de consumo.<\/p>\n\n\n\n<h3 class=\"wp-block-heading\"><strong>Informa\u00e7\u00f5es t\u00e9cnicas sobre o computador\/dispositivo m\u00f3vel.<\/strong><\/h3>\n\n\n\n<p>Qualquer informa\u00e7\u00e3o sobre o sistema de computador ou outro dispositivo que voc\u00ea utiliza para acessar um de nossos sites ou aplicativos, como o endere\u00e7o IP utilizado para conectar seu computador ou dispositivo \u00e0 internet, o tipo de sistema operacional e o tipo e a vers\u00e3o do navegador da web. Se voc\u00ea acessar um site ou aplicativo da FK usando um dispositivo m\u00f3vel, como um smartphone, as informa\u00e7\u00f5es coletadas tamb\u00e9m incluir\u00e3o, sempre que permitido, o ID de dispositivo exclusivo de seu telefone, o ID de publicidade, a localiza\u00e7\u00e3o geogr\u00e1fica e outros dados similares do dispositivo m\u00f3vel.<\/p>\n\n\n\n<h3 class=\"wp-block-heading\"><strong>Informa\u00e7\u00f5es de utiliza\u00e7\u00e3o de sites\/comunica\u00e7\u00e3o. <\/strong><\/h3>\n\n\n\n<p>Conforme voc\u00ea navega e interage com nossos sites, N\u00f3s utilizamos tecnologias de coleta autom\u00e1tica de dados para coletar determinadas informa\u00e7\u00f5es sobre as suas a\u00e7\u00f5es. Isso inclui informa\u00e7\u00f5es como em quais links voc\u00ea clica, quais p\u00e1ginas ou conte\u00fados voc\u00ea visualiza e por quanto tempo e outras informa\u00e7\u00f5es e estat\u00edsticas semelhantes sobre suas intera\u00e7\u00f5es, como tempos de resposta a conte\u00fado, erros de download e dura\u00e7\u00e3o das visitas a determinadas p\u00e1ginas. Essas informa\u00e7\u00f5es s\u00e3o capturadas por meio de tecnologias automatizadas, como Cookies (Cookies de navegador, Cookies Flash) e web beacons, e tamb\u00e9m via rastreamento de terceiros. Voc\u00ea tem o direito de se opor \u00e0 utiliza\u00e7\u00e3o de tais tecnologias. Para saber mais detalhes, consulte a Se\u00e7\u00e3o 4.<\/p>\n\n\n\n<h3 class=\"wp-block-heading\"><strong>Informa\u00e7\u00f5es audiovisuais.<\/strong><\/h3>\n\n\n\n<p> Conforme voc\u00ea interage conosco atrav\u00e9s de liga\u00e7\u00f5es telefonicas, aulas ou eventos, captamos sua imagem e voz. N\u00f3s podemos usar essas capta\u00e7\u00f5es para divulgar o curso e, para essa finalidade, temos seu consentimento.<\/p>\n\n\n\n<h3 class=\"wp-block-heading\" style=\"text-transform:capitalize\"><strong>Dados pessoais de crian\u00e7as<\/strong><\/h3>\n\n\n\n<p>N\u00f3s n\u00e3o solicitamos ou coletamos, conscientemente, dados pessoais de crian\u00e7as menores de 13 (treze) anos de idade. Se descobrirmos que coletamos dados pessoais de crian\u00e7as abaixo de 13 (treze) anos de forma n\u00e3o-intencional, removeremos os dados pessoais daquela crian\u00e7a de nossos registros rapidamente. Entretanto, a FK pode coletar dados pessoais de crian\u00e7as com menos de 13 (treze) anos de idade dos pais ou tutores diretamente, e com consentimento expl\u00edcito daquela pessoa.<\/p>\n\n\n\n<h2 class=\"wp-block-heading\" style=\"text-transform:capitalize\"><strong>Usos de seus dados pessoais <\/strong><\/h2>\n\n\n\n<p>Os par\u00e1grafos a seguir descrevem as diversas finalidades para as quais N\u00f3s coletamos seus Dados Pessoais, e os diferentes tipos de Dados Pessoais que coletamos para cada finalidade. Note, por favor, que nem todos os usos abaixo ser\u00e3o relevantes para todos os indiv\u00edduos.<\/p>\n\n\n\n<h3 class=\"wp-block-heading\"><strong>Para que usamos seus Dados Pessoais?&nbsp;&nbsp;&nbsp;&nbsp;&nbsp;&nbsp;&nbsp;&nbsp;&nbsp;<\/strong><\/h3>\n\n\n\n<h4 class=\"wp-block-heading\"><strong>Servi\u00e7o ao consumidor.<\/strong><\/h4>\n\n\n\n<p> Usamos seus Dados Pessoais para finalidade de servi\u00e7os de treinamento e orienta\u00e7\u00e3o financeira a nossos alunos, incluindo responder aos seus questionamentos. Isso, normalmente, requer o uso de certas informa\u00e7\u00f5es pessoais de contato e informa\u00e7\u00f5es sobre o motivo de seu questionamento (por exemplo situa\u00e7\u00e3o financeira, idade, questionamento em geral e etc.)&nbsp;&nbsp;&nbsp;&nbsp;&nbsp;&nbsp;<\/p>\n\n\n\n<h4 class=\"wp-block-heading\"><strong>Divulga\u00e7\u00e3o do m\u00e9todo dos cursos. <\/strong><\/h4>\n\n\n\n<p>Usamos as informa\u00e7\u00f5es que voc\u00ea nos fornece para que outras pessoas possam se inspirar e seguir seu exemplo. Para isso, podemos nos valer de dados coletados em sites, redes sociais, pelo uso da voz e da imagem, seja em liga\u00e7\u00f5es telef\u00f4nicas, eventos ou aulas presenciais.<\/p>\n\n\n\n<h4 class=\"wp-block-heading\"><strong>Outras finalidades em geral (ex.: pesquisa interna ou de mercado, an\u00e1lises, seguran\u00e7a). <\/strong><\/h4>\n\n\n\n<p>De acordo com as leis aplic\u00e1veis, N\u00f3s usamos seus Dados Pessoais para outras finalidades gerais de neg\u00f3cio, como fazer manuten\u00e7\u00e3o em sua conta, conduzir pesquisas internas ou de mercado e medir a efetividade de nossas campanhas publicit\u00e1rias. N\u00f3s nos reservamos o direito, se Voc\u00ea tiver contas FK, de integrar estas contas em uma conta \u00fanica. N\u00f3s tamb\u00e9m usamos seus Dados Pessoais para gerenciamento e opera\u00e7\u00e3o de nossas comunica\u00e7\u00f5es, TI e sistemas de seguran\u00e7a.&nbsp;&nbsp;&nbsp;&nbsp;&nbsp;&nbsp;&nbsp;&nbsp;&nbsp;&nbsp;&nbsp;&nbsp;&nbsp;&nbsp;&nbsp;<\/p>\n\n\n\n<h4 class=\"wp-block-heading\"><strong>Motivos legais ou fus\u00e3o\/aquisi\u00e7\u00e3o. <\/strong><\/h4>\n\n\n\n<p>Caso a FK ou seus bens sejam adquiridos por, ou fundidos com, outra empresa, incluindo por motivo de fal\u00eancia, compartilharemos seus Dados Pessoais com nossos sucessores legais. Tamb\u00e9m divulgaremos seus Dados Pessoais a terceiros (i) quando requerido pela lei aplic\u00e1vel; (ii) em resposta a procedimentos legais; (iii) em resposta a um pedido da autoridade legal competente; (iv) para proteger nossos direitos, privacidade, seguran\u00e7a ou propriedade; ou (v) para fazer cumprir os termos de qualquer acordo ou os termos do nosso Site.<\/p>\n\n\n\n<h4 class=\"wp-block-heading\"><strong>DIVULGA\u00c7\u00c3O DOS SEUS DADOS PESSOAIS<\/strong><\/h4>\n\n\n\n<p>Al\u00e9m das entidades FK mencionadas na se\u00e7\u00e3o de controladores de dados e contatos, n\u00f3s compartilhamos seus Dados Pessoais com os seguintes tipos de organiza\u00e7\u00f5es de terceiros:<\/p>\n\n\n\n<h4 class=\"wp-block-heading\"><strong>Provedores de servi\u00e7os. <\/strong><\/h4>\n\n\n\n<p>Estas s\u00e3o companhias externas que N\u00f3s usamos para nos auxiliar a operar nosso curso (ex.: provedores de site, processamento de pagamentos, detec\u00e7\u00e3o de fraudes e verifica\u00e7\u00e3o de identidade, desenvolvimento de sites, an\u00e1lise de dados, empresas com especialistas em investimentos, seguros, doa\u00e7\u00f5es, etc.). Provedores de servi\u00e7os e seus colaboradores selecionados, s\u00f3 est\u00e3o autorizados a acessar seus Dados Pessoais em Nosso nome, para as tarefas espec\u00edficas que forem requisitadas a eles, com base em nossas instru\u00e7\u00f5es, e s\u00e3o obrigados a manter seus Dados Pessoais confidenciais e seguros.<\/p>\n\n\n\n<p>N\u00e3o divulgamos seus dados para ag\u00eancias de an\u00e1lise de cr\u00e9dito\/cobran\u00e7a de d\u00edvidas, nem para empresas terceiras que usam Dados Pessoais para suas pr\u00f3prias finalidades de marketing.<\/p>\n\n\n\n<h4 class=\"wp-block-heading\"><strong>RETEN\u00c7\u00c3O DOS SEUS DADOS PESSOAIS<\/strong><\/h4>\n\n\n\n<p>De acordo com as leis aplic\u00e1veis, N\u00f3s usaremos seus Dados Pessoais por quanto tempo for necess\u00e1rio para satisfazer as finalidades para as quais seus Dados Pessoais foram coletados (primordialmente o servi\u00e7os de Educa\u00e7\u00e3o Financeira) ou para cumprir com os requerimentos legais aplic\u00e1veis.<\/p>\n\n\n\n<h4 class=\"wp-block-heading\"><strong>DIVULGA\u00c7\u00c3O, ARMAZENAMENTO E\/OU TRANSFER\u00caNCIA DE SEUS DADOS PESSOAIS<\/strong><\/h4>\n\n\n\n<p>N\u00f3s usamos as medidas adequadas (descritas abaixo) para manter seus Dados Pessoais confidenciais e seguros. Note, entretanto, que estas prote\u00e7\u00f5es n\u00e3o se aplicam a informa\u00e7\u00f5es que voc\u00ea tenha escolhido compartilhar em \u00e1reas p\u00fablicas, como redes sociais de terceiros.<\/p>\n\n\n\n<h4 class=\"wp-block-heading\"><strong>Pessoas que podem acessar seus Dados Pessoais. <\/strong><\/h4>\n\n\n\n<p>Seus Dados Pessoais ser\u00e3o processados por nossos colaboradores ou agentes autorizados, desde que estes precisem ter acesso a tais informa\u00e7\u00f5es, dependendo dos prop\u00f3sitos espec\u00edficos para os quais seus Dados Pessoais tenham sido coletados (ex.: nossos colaboradores encarregados de assuntos relacionados ao atendimento ao consumidor ter\u00e3o acesso aos seus registros de consumo).<\/p>\n\n\n\n<p>Armazenamos seus Dados Pessoais em ambientes operacionais que usam medidas de seguran\u00e7a razo\u00e1veis para prevenir acesso n\u00e3o autorizado. Seguimos protocolos razo\u00e1veis para proteger Dados Pessoais. A transmiss\u00e3o de informa\u00e7\u00e3o pela internet, infelizmente, n\u00e3o \u00e9 completamente segura e, apesar de fazermos Nosso melhor para proteger seus Dados Pessoais, n\u00e3o podemos garantir a seguran\u00e7a dos dados durante transmiss\u00e3o por nossos sites\/aplicativos.<\/p>\n\n\n\n<h4 class=\"wp-block-heading\"><strong>Transfer\u00eancia de seus Dados Pessoais. <\/strong><\/h4>\n\n\n\n<p>Por causa da natureza internacional do nosso neg\u00f3cio, \u00e9 poss\u00edvel que tenhamos que transferir seus Dados Pessoais dentro do Grupo FK e para terceiros, conforme mencionado na Se\u00e7\u00e3o 6 acima, em conex\u00e3o com as finalidades estabelecidas nesta Pol\u00edtica de Privacidade. Por este motivo, poderemos transferir seus Dados Pessoais para outros pa\u00edses, que possam ter leis e requisitos de prote\u00e7\u00e3o de dados diferentes daqueles que se aplicam ao Brasil.<\/p>\n\n\n\n<p>Caso tenha d\u00favidas ou deseja solicitar informa\u00e7\u00f5es referente ao tratamento dos seus dados, disponibilizamos o canal dedicado abaixo e seu respectivo DPO.<\/p>\n\n\n\n<p><strong>Fernando Fraga<\/strong><br>lgpd@fkpartners.com<\/p>\n\n\n\n<p><\/p>\n\n\n\n<p><\/p>\n","protected":false},"excerpt":{"rendered":"<p>Pol\u00edtica de privacidade e prote\u00e7\u00e3o de dados Dados pessoais que coletamos a seu respeito e como n\u00f3s os coletamos Dependendo de como voc\u00ea interage com a FK Partners (online, offline, por telefone e etc.), N\u00f3s coletamos v\u00e1rios tipos de informa\u00e7\u00f5es sobre voc\u00ea, conforme descri\u00e7\u00f5es a seguir: Informa\u00e7\u00f5es pessoais de contato. Incluem qualquer informa\u00e7\u00e3o que voc\u00ea [&hellip;]<\/p>\n","protected":false},"author":2663,"featured_media":0,"parent":0,"menu_order":0,"comment_status":"closed","ping_status":"closed","template":"","meta":{"_acf_changed":false,"footnotes":"","_joinchat":[]},"acf":[],"_links":{"self":[{"href":"https:\/\/fkpartners.com\/materiais\/wp-json\/wp\/v2\/pages\/2865"}],"collection":[{"href":"https:\/\/fkpartners.com\/materiais\/wp-json\/wp\/v2\/pages"}],"about":[{"href":"https:\/\/fkpartners.com\/materiais\/wp-json\/wp\/v2\/types\/page"}],"author":[{"embeddable":true,"href":"https:\/\/fkpartners.com\/materiais\/wp-json\/wp\/v2\/users\/2663"}],"replies":[{"embeddable":true,"href":"https:\/\/fkpartners.com\/materiais\/wp-json\/wp\/v2\/comments?post=2865"}],"version-history":[{"count":12,"href":"https:\/\/fkpartners.com\/materiais\/wp-json\/wp\/v2\/pages\/2865\/revisions"}],"predecessor-version":[{"id":11662,"href":"https:\/\/fkpartners.com\/materiais\/wp-json\/wp\/v2\/pages\/2865\/revisions\/11662"}],"wp:attachment":[{"href":"https:\/\/fkpartners.com\/materiais\/wp-json\/wp\/v2\/media?parent=2865"}],"curies":[{"name":"wp","href":"https:\/\/api.w.org\/{rel}","templated":true}]}}