{"id":23,"date":"2021-04-01T09:06:30","date_gmt":"2021-04-01T12:06:30","guid":{"rendered":"https:\/\/fkpartners.com\/sitehomolog\/semanadoconsumidor\/\/?page_id=23"},"modified":"2024-01-17T09:47:07","modified_gmt":"2024-01-17T12:47:07","slug":"sobre","status":"publish","type":"page","link":"https:\/\/fkpartners.com\/materiais\/sobre\/","title":{"rendered":"Sobre"},"content":{"rendered":"\n<p>A FK Partners \u00e9 <strong>uma das maiores escolas de finan\u00e7as do Brasil.<\/strong> Oferecemos cursos preparat\u00f3rios para as principais certifica\u00e7\u00f5es nacionais e internacionais do mercado financeiro, al\u00e9m de cursos de aprimoramento em finan\u00e7as.<\/p>\n\n\n\n<p>Contamos com uma metodologia de ensino exclusiva que, aliada ao uso de intelig\u00eancia artificial e ferramentas modernas de ensino, promove a melhor experi\u00eancia de aprendizado. Durante todo o per\u00edodo do curso nossos alunos contam com o acompanhamento personalizado de nossa equipe de atendimento, que monitora a evolu\u00e7\u00e3o nos estudos e auxilia no esclarecimento de d\u00favidas.<\/p>\n\n\n","protected":false},"excerpt":{"rendered":"<p>A FK Partners \u00e9 uma das maiores escolas de finan\u00e7as do Brasil. Oferecemos cursos preparat\u00f3rios para as principais certifica\u00e7\u00f5es nacionais e internacionais do mercado financeiro, al\u00e9m de cursos de aprimoramento em finan\u00e7as. Contamos com uma metodologia de ensino exclusiva que, aliada ao uso de intelig\u00eancia artificial e ferramentas modernas de ensino, promove a melhor experi\u00eancia [&hellip;]<\/p>\n","protected":false},"author":7843,"featured_media":0,"parent":0,"menu_order":3,"comment_status":"closed","ping_status":"closed","template":"page-sobre.php","meta":{"_acf_changed":false,"footnotes":"","_joinchat":[]},"acf":[],"_links":{"self":[{"href":"https:\/\/fkpartners.com\/materiais\/wp-json\/wp\/v2\/pages\/23"}],"collection":[{"href":"https:\/\/fkpartners.com\/materiais\/wp-json\/wp\/v2\/pages"}],"about":[{"href":"https:\/\/fkpartners.com\/materiais\/wp-json\/wp\/v2\/types\/page"}],"author":[{"embeddable":true,"href":"https:\/\/fkpartners.com\/materiais\/wp-json\/wp\/v2\/users\/7843"}],"replies":[{"embeddable":true,"href":"https:\/\/fkpartners.com\/materiais\/wp-json\/wp\/v2\/comments?post=23"}],"version-history":[{"count":7,"href":"https:\/\/fkpartners.com\/materiais\/wp-json\/wp\/v2\/pages\/23\/revisions"}],"predecessor-version":[{"id":31744,"href":"https:\/\/fkpartners.com\/materiais\/wp-json\/wp\/v2\/pages\/23\/revisions\/31744"}],"wp:attachment":[{"href":"https:\/\/fkpartners.com\/materiais\/wp-json\/wp\/v2\/media?parent=23"}],"curies":[{"name":"wp","href":"https:\/\/api.w.org\/{rel}","templated":true}]}}