{"id":125,"date":"2021-04-19T08:24:54","date_gmt":"2021-04-19T11:24:54","guid":{"rendered":"https:\/\/fkpartners.com\/sitehomolog\/semanadoconsumidor\/\/my-account\/"},"modified":"2025-12-11T12:09:21","modified_gmt":"2025-12-11T15:09:21","slug":"minha-conta","status":"publish","type":"page","link":"https:\/\/fkpartners.com\/materiais\/minha-conta\/","title":{"rendered":"Minha Conta"},"content":{"rendered":"\t\t<div data-elementor-type=\"wp-page\" data-elementor-id=\"125\" class=\"elementor elementor-125\" data-elementor-post-type=\"page\">\n\t\t\t\t<div class=\"elementor-element elementor-element-265d62b e-flex e-con-boxed e-con e-parent\" data-id=\"265d62b\" data-element_type=\"container\" data-settings=\"{&quot;content_width&quot;:&quot;boxed&quot;}\" data-core-v316-plus=\"true\">\n\t\t\t\t\t<div class=\"e-con-inner\">\n\t\t<div class=\"elementor-element elementor-element-8246cb9 e-flex e-con-boxed e-con e-child\" data-id=\"8246cb9\" data-element_type=\"container\" data-settings=\"{&quot;background_background&quot;:&quot;classic&quot;,&quot;position&quot;:&quot;fixed&quot;,&quot;content_width&quot;:&quot;boxed&quot;}\">\n\t\t\t\t\t<div class=\"e-con-inner\">\n\t\t<div class=\"elementor-element elementor-element-da326c0 e-con-full e-flex e-con e-child\" data-id=\"da326c0\" data-element_type=\"container\" data-settings=\"{&quot;content_width&quot;:&quot;full&quot;}\">\n\t\t\t\t<div class=\"elementor-element elementor-element-7445fa5 elementor-widget elementor-widget-image\" data-id=\"7445fa5\" data-element_type=\"widget\" data-widget_type=\"image.default\">\n\t\t\t\t<div class=\"elementor-widget-container\">\n\t\t\t<style>\/*! elementor - v3.19.0 - 26-02-2024 *\/\n.elementor-widget-image{text-align:center}.elementor-widget-image a{display:inline-block}.elementor-widget-image a img[src$=\".svg\"]{width:48px}.elementor-widget-image img{vertical-align:middle;display:inline-block}<\/style>\t\t\t\t\t\t\t\t\t\t\t<a href=\"https:\/\/fkpartners.com\/materiais\/cursos\/\">\n\t\t\t\t\t\t\t<img fetchpriority=\"high\" decoding=\"async\" width=\"1704\" height=\"226\" src=\"https:\/\/fkpartners.com\/materiais\/wp-content\/uploads\/2025\/06\/Logo-FK-Partners_aplicacao-v1.png\" class=\"attachment-full size-full wp-image-35914\" alt=\"\" srcset=\"https:\/\/fkpartners.com\/materiais\/wp-content\/uploads\/2025\/06\/Logo-FK-Partners_aplicacao-v1.png 1704w, https:\/\/fkpartners.com\/materiais\/wp-content\/uploads\/2025\/06\/Logo-FK-Partners_aplicacao-v1-300x40.png 300w, https:\/\/fkpartners.com\/materiais\/wp-content\/uploads\/2025\/06\/Logo-FK-Partners_aplicacao-v1-1024x136.png 1024w, https:\/\/fkpartners.com\/materiais\/wp-content\/uploads\/2025\/06\/Logo-FK-Partners_aplicacao-v1-768x102.png 768w, https:\/\/fkpartners.com\/materiais\/wp-content\/uploads\/2025\/06\/Logo-FK-Partners_aplicacao-v1-1536x204.png 1536w, https:\/\/fkpartners.com\/materiais\/wp-content\/uploads\/2025\/06\/Logo-FK-Partners_aplicacao-v1-600x80.png 600w, https:\/\/fkpartners.com\/materiais\/wp-content\/uploads\/2025\/06\/Logo-FK-Partners_aplicacao-v1-64x8.png 64w\" sizes=\"(max-width: 1704px) 100vw, 1704px\" \/>\t\t\t\t\t\t\t\t<\/a>\n\t\t\t\t\t\t\t\t\t\t\t\t\t<\/div>\n\t\t\t\t<\/div>\n\t\t\t\t<\/div>\n\t\t<div class=\"elementor-element elementor-element-3feae52 e-con-full e-flex e-con e-child\" data-id=\"3feae52\" data-element_type=\"container\" data-settings=\"{&quot;content_width&quot;:&quot;full&quot;}\">\n\t\t\t\t<div class=\"elementor-element elementor-element-e324db5 elementor-icon-list--layout-inline elementor-align-center elementor-list-item-link-full_width elementor-widget elementor-widget-icon-list\" data-id=\"e324db5\" data-element_type=\"widget\" data-widget_type=\"icon-list.default\">\n\t\t\t\t<div class=\"elementor-widget-container\">\n\t\t\t<link rel=\"stylesheet\" href=\"https:\/\/fkpartners.com\/materiais\/wp-content\/plugins\/elementor\/assets\/css\/widget-icon-list.min.css\">\t\t<ul class=\"elementor-icon-list-items elementor-inline-items\">\n\t\t\t\t\t\t\t<li class=\"elementor-icon-list-item elementor-inline-item\">\n\t\t\t\t\t\t\t\t\t\t\t<a href=\"https:\/\/fkpartners.com\/materiais\/produto\/material-kaplan-schweser-cfa\/\">\n\n\t\t\t\t\t\t\t\t\t\t\t<span class=\"elementor-icon-list-text\">CFA<\/span>\n\t\t\t\t\t\t\t\t\t\t\t<\/a>\n\t\t\t\t\t\t\t\t\t<\/li>\n\t\t\t\t\t\t\t\t<li class=\"elementor-icon-list-item elementor-inline-item\">\n\t\t\t\t\t\t\t\t\t\t\t<a href=\"https:\/\/fkpartners.com\/materiais\/produto\/material-kaplan-schweser-caia\/\">\n\n\t\t\t\t\t\t\t\t\t\t\t<span class=\"elementor-icon-list-text\">CAIA<\/span>\n\t\t\t\t\t\t\t\t\t\t\t<\/a>\n\t\t\t\t\t\t\t\t\t<\/li>\n\t\t\t\t\t\t\t\t<li class=\"elementor-icon-list-item elementor-inline-item\">\n\t\t\t\t\t\t\t\t\t\t\t<a href=\"https:\/\/fkpartners.com\/materiais\/produto\/frmmaterial\/\">\n\n\t\t\t\t\t\t\t\t\t\t\t<span class=\"elementor-icon-list-text\">FRM<\/span>\n\t\t\t\t\t\t\t\t\t\t\t<\/a>\n\t\t\t\t\t\t\t\t\t<\/li>\n\t\t\t\t\t\t\t\t<li class=\"elementor-icon-list-item elementor-inline-item\">\n\t\t\t\t\t\t\t\t\t\t\t<a href=\"https:\/\/fkpartners.com\/materiais\/produto\/certificate-in-esg-investing\/\">\n\n\t\t\t\t\t\t\t\t\t\t\t<span class=\"elementor-icon-list-text\">ESG Investing<\/span>\n\t\t\t\t\t\t\t\t\t\t\t<\/a>\n\t\t\t\t\t\t\t\t\t<\/li>\n\t\t\t\t\t\t<\/ul>\n\t\t\t\t<\/div>\n\t\t\t\t<\/div>\n\t\t\t\t<\/div>\n\t\t\t\t\t<\/div>\n\t\t\t\t<\/div>\n\t\t\t\t\t<\/div>\n\t\t\t\t<\/div>\n\t\t<div class=\"elementor-element elementor-element-a30992c e-flex e-con-boxed e-con e-parent\" data-id=\"a30992c\" data-element_type=\"container\" data-settings=\"{&quot;content_width&quot;:&quot;boxed&quot;}\" data-core-v316-plus=\"true\">\n\t\t\t\t\t<div class=\"e-con-inner\">\n\t\t\t\t<div class=\"elementor-element elementor-element-14cd3f7 elementor-widget elementor-widget-shortcode\" data-id=\"14cd3f7\" data-element_type=\"widget\" data-widget_type=\"shortcode.default\">\n\t\t\t\t<div class=\"elementor-widget-container\">\n\t\t\t\t\t<div class=\"elementor-shortcode\"><div class=\"woocommerce\"><div class=\"woocommerce-notices-wrapper\"><\/div>\n\n<div class=\"container\">\n\t<div class=\"u-columns col2-set my-5 d-flex flex-column flex-lg-row\" id=\"customer_login\">\n\n\t\t<div class=\"u-column1 col-lg-6 mb-4 mb-lg-0 px-0 px-sm-4\">\n\n\n\t\t\t<h2>Entrar<\/h2>\n\n\t\t\t<div class=\"d-flex justify-content-center\">\n\t\t\t\t<form class=\"woocommerce-form woocommerce-form-login login w-100\" method=\"post\">\n\t\t\t\t\t\n\t\t\t\t\t<p class=\"woocommerce-form-row woocommerce-form-row--wide form-row form-row-wide\">\n\t\t\t\t\t\t<label for=\"username\">Nome de usu\u00e1rio ou e-mail&nbsp;<span class=\"required\">*<\/span><\/label>\n\t\t\t\t\t\t<input type=\"text\" class=\"woocommerce-Input woocommerce-Input--text input-text\" name=\"username\" id=\"username\" autocomplete=\"username\" value=\"\" \/>\t\t\t\t\t<\/p>\n\n\t\t\t\t\t<p class=\"woocommerce-form-row woocommerce-form-row--wide form-row form-row-wide flex-column\">\n\t\t\t\t\t\t<label for=\"password\">Senha&nbsp;<span class=\"required\">*<\/span><\/label>\n\t\t\t\t\t\t<input class=\"woocommerce-Input woocommerce-Input--text input-\" type=\"password\" name=\"password\" id=\"password\" autocomplete=\"current-password\" \/>\n\t\t\t\t\t<\/p>\n\n\t\t\t\t\t\n\t\t\t\t\t<p class=\"form-row flex-column\">\n\t\t\t\t\t\t<label class=\"woocommerce-form__label woocommerce-form__label-for-checkbox woocommerce-form-login__rememberme\">\n\t\t\t\t\t\t\t<input class=\"woocommerce-form__input woocommerce-form__input-checkbox\" name=\"rememberme\" type=\"checkbox\" id=\"rememberme\" value=\"forever\" \/> <span>Lembre-me<\/span>\n\t\t\t\t\t\t<\/label>\n\t\t\t\t\t\t<input type=\"hidden\" id=\"woocommerce-login-nonce\" name=\"woocommerce-login-nonce\" value=\"c53964ae1b\" \/><input type=\"hidden\" name=\"_wp_http_referer\" value=\"\/materiais\/wp-json\/wp\/v2\/pages\/125\" \/>\t\t\t\t\t\t<button type=\"submit\" class=\"woocommerce-button button woocommerce-form-login__submit m-0\" name=\"login\" value=\"Acessar\">Acessar<\/button>\n\t\t\t\t\t<\/p>\n\n\t\t\t\t\t<p class=\"woocommerce-LostPassword lost_password\">\n\t\t\t\t\t\t<a href=\"https:\/\/fkpartners.com\/materiais\/minha-conta\/senha-perdida\/\">Perdeu sua senha?<\/a>\n\t\t\t\t\t<\/p>\n\n\t\t\t\t\t\t\t\t\t<\/form>\n\t\t\t<\/div>\n\n\n\t\t<\/div>\n\n\t\t<div class=\"u-column2 col-lg-6 px-0 px-sm-4\">\n\t\t\t<h2>Cadastre-se<\/h2>\n\n\t\t\t<form method=\"post\" class=\"woocommerce-form woocommerce-form-register register\"  >\n\n\t\t\t\t\n\t\t\t\t\n\t\t\t\t<p class=\"woocommerce-form-row woocommerce-form-row--wide form-row form-row-wide\">\n\t\t\t\t\t<label for=\"reg_email\">Endere\u00e7o de e-mail&nbsp;<span class=\"required\">*<\/span><\/label>\n\t\t\t\t\t<input type=\"email\" class=\"woocommerce-Input woocommerce-Input--text input-text\" name=\"email\" id=\"reg_email\" autocomplete=\"email\" value=\"\" \/>\t\t\t\t<\/p>\n\n\t\t\t\t\n\t\t\t\t\t<p class=\"woocommerce-form-row woocommerce-form-row--wide form-row form-row-wide flex-column\">\n\t\t\t\t\t\t<label for=\"reg_password\">Senha&nbsp;<span class=\"required\">*<\/span><\/label>\n\t\t\t\t\t\t<input type=\"password\" class=\"woocommerce-Input woocommerce-Input--text input-text\" name=\"password\" id=\"reg_password\" autocomplete=\"new-password\" \/>\n\t\t\t\t\t<\/p>\n\n\t\t\t\t\n\t\t\t\t<wc-order-attribution-inputs><\/wc-order-attribution-inputs><div class=\"woocommerce-privacy-policy-text\"><p>Seus dados pessoais ser\u00e3o usados para apoiar sua experi\u00eancia em todo este site, para gerenciar o acesso \u00e0 sua conta e para outros fins descritos em nosso <a href=\"https:\/\/fkpartners.com\/materiais\/politica-de-privacidade-e-protecao-de-dados\/\" class=\"woocommerce-privacy-policy-link\" target=\"_blank\">pol\u00edtica de privacidade<\/a>.<\/p>\n<\/div>\n\t\t\t\t<p class=\"woocommerce-form-row form-row\">\n\t\t\t\t\t<input type=\"hidden\" id=\"woocommerce-register-nonce\" name=\"woocommerce-register-nonce\" value=\"dfa1359bca\" \/><input type=\"hidden\" name=\"_wp_http_referer\" value=\"\/materiais\/wp-json\/wp\/v2\/pages\/125\" \/>\t\t\t\t\t<button type=\"submit\" class=\"woocommerce-Button woocommerce-button button woocommerce-form-register__submit\" name=\"register\" value=\"Cadastre-se\">Cadastre-se<\/button>\n\t\t\t\t<\/p>\n\n\t\t\t\t\n\t\t\t<\/form>\n\t\t<\/div>\n\n\t<\/div>\n<\/div>\n\n\n<\/div><\/div>\n\t\t\t\t<\/div>\n\t\t\t\t<\/div>\n\t\t\t\t\t<\/div>\n\t\t\t\t<\/div>\n\t\t\t\t<\/div>\n\t\t","protected":false},"excerpt":{"rendered":"<p>CFA CAIA FRM ESG Investing<\/p>\n","protected":false},"author":7843,"featured_media":0,"parent":0,"menu_order":6,"comment_status":"closed","ping_status":"closed","template":"","meta":{"_acf_changed":false,"footnotes":"","_joinchat":[]},"acf":[],"_links":{"self":[{"href":"https:\/\/fkpartners.com\/materiais\/wp-json\/wp\/v2\/pages\/125"}],"collection":[{"href":"https:\/\/fkpartners.com\/materiais\/wp-json\/wp\/v2\/pages"}],"about":[{"href":"https:\/\/fkpartners.com\/materiais\/wp-json\/wp\/v2\/types\/page"}],"author":[{"embeddable":true,"href":"https:\/\/fkpartners.com\/materiais\/wp-json\/wp\/v2\/users\/7843"}],"replies":[{"embeddable":true,"href":"https:\/\/fkpartners.com\/materiais\/wp-json\/wp\/v2\/comments?post=125"}],"version-history":[{"count":4,"href":"https:\/\/fkpartners.com\/materiais\/wp-json\/wp\/v2\/pages\/125\/revisions"}],"predecessor-version":[{"id":37432,"href":"https:\/\/fkpartners.com\/materiais\/wp-json\/wp\/v2\/pages\/125\/revisions\/37432"}],"wp:attachment":[{"href":"https:\/\/fkpartners.com\/materiais\/wp-json\/wp\/v2\/media?parent=125"}],"curies":[{"name":"wp","href":"https:\/\/api.w.org\/{rel}","templated":true}]}}